{"id":2,"date":"2025-05-08T10:14:32","date_gmt":"2025-05-08T10:14:32","guid":{"rendered":"https:\/\/isanturtzi.rkinformatika.online\/?page_id=2"},"modified":"2025-05-15T15:52:55","modified_gmt":"2025-05-15T15:52:55","slug":"inicio","status":"publish","type":"page","link":"https:\/\/isanturtzi.es\/eu\/","title":{"rendered":"Hasiera"},"content":{"rendered":"<div data-elementor-type=\"wp-page\" data-elementor-id=\"2\" class=\"elementor elementor-2\" data-elementor-post-type=\"page\">\n\t\t\t\t<div class=\"elementor-element elementor-element-210220c e-con-full e-flex e-con e-parent\" data-id=\"210220c\" data-element_type=\"container\" data-e-type=\"container\" data-settings=\"{&quot;background_background&quot;:&quot;classic&quot;}\">\n\t\t<div class=\"elementor-element elementor-element-3595a2a e-flex e-con-boxed e-con e-child\" data-id=\"3595a2a\" data-element_type=\"container\" data-e-type=\"container\" data-settings=\"{&quot;background_background&quot;:&quot;classic&quot;}\">\n\t\t\t\t\t<div class=\"e-con-inner\">\n\t\t\t\t<div class=\"elementor-element elementor-element-1dff641 elementor-invisible elementor-widget elementor-widget-heading\" data-id=\"1dff641\" data-element_type=\"widget\" data-e-type=\"widget\" data-settings=\"{&quot;_animation&quot;:&quot;fadeInLeft&quot;}\" data-widget_type=\"heading.default\">\n\t\t\t\t<div class=\"elementor-widget-container\">\n\t\t\t\t\t<h2 class=\"elementor-heading-title elementor-size-default\">Iluminaci\u00f3n Santurtzi<\/h2>\t\t\t\t<\/div>\n\t\t\t\t<\/div>\n\t\t\t\t<div class=\"elementor-element elementor-element-39d78e2 elementor-invisible elementor-widget elementor-widget-heading\" data-id=\"39d78e2\" data-element_type=\"widget\" data-e-type=\"widget\" data-settings=\"{&quot;_animation&quot;:&quot;fadeInRight&quot;}\" data-widget_type=\"heading.default\">\n\t\t\t\t<div class=\"elementor-widget-container\">\n\t\t\t\t\t<h2 class=\"elementor-heading-title elementor-size-default\">Instalazio elektrikoak eta argiztapen-proiektuak<\/h2>\t\t\t\t<\/div>\n\t\t\t\t<\/div>\n\t\t\t\t\t<\/div>\n\t\t\t\t<\/div>\n\t\t\t\t<\/div>\n\t\t<div class=\"elementor-element elementor-element-e10bdd5 e-flex e-con-boxed e-con e-parent\" data-id=\"e10bdd5\" data-element_type=\"container\" data-e-type=\"container\">\n\t\t\t\t\t<div class=\"e-con-inner\">\n\t\t\t\t<div class=\"elementor-element elementor-element-dcd47ef elementor-widget__width-initial elementor-invisible elementor-widget elementor-widget-image\" data-id=\"dcd47ef\" data-element_type=\"widget\" data-e-type=\"widget\" data-settings=\"{&quot;_animation&quot;:&quot;fadeIn&quot;}\" data-widget_type=\"image.default\">\n\t\t\t\t<div class=\"elementor-widget-container\">\n\t\t\t\t\t\t\t\t\t\t\t\t\t\t\t<img fetchpriority=\"high\" decoding=\"async\" width=\"958\" height=\"1080\" src=\"https:\/\/isanturtzi.es\/wp-content\/uploads\/2025\/05\/Anadir-un-titulo-2025-05-14T101031.316-1-1.png\" class=\"attachment-full size-full wp-image-424\" alt=\"\" srcset=\"https:\/\/isanturtzi.es\/wp-content\/uploads\/2025\/05\/Anadir-un-titulo-2025-05-14T101031.316-1-1.png 958w, https:\/\/isanturtzi.es\/wp-content\/uploads\/2025\/05\/Anadir-un-titulo-2025-05-14T101031.316-1-1-266x300.png 266w, https:\/\/isanturtzi.es\/wp-content\/uploads\/2025\/05\/Anadir-un-titulo-2025-05-14T101031.316-1-1-908x1024.png 908w\" sizes=\"(max-width: 958px) 100vw, 958px\" \/>\t\t\t\t\t\t\t\t\t\t\t\t\t\t\t<\/div>\n\t\t\t\t<\/div>\n\t\t<div class=\"elementor-element elementor-element-ec9e6c3 e-con-full e-flex elementor-invisible e-con e-child\" data-id=\"ec9e6c3\" data-element_type=\"container\" data-e-type=\"container\" data-settings=\"{&quot;background_background&quot;:&quot;classic&quot;,&quot;animation&quot;:&quot;fadeIn&quot;}\">\n\t\t\t\t<div class=\"elementor-element elementor-element-551aceb elementor-widget elementor-widget-heading\" data-id=\"551aceb\" data-element_type=\"widget\" data-e-type=\"widget\" data-widget_type=\"heading.default\">\n\t\t\t\t<div class=\"elementor-widget-container\">\n\t\t\t\t\t<h2 class=\"elementor-heading-title elementor-size-default\">Santurtziren bihotzean xehetasunak maite dituztenentzat pentsatutako espazio bat jaio da<\/h2>\t\t\t\t<\/div>\n\t\t\t\t<\/div>\n\t\t\t\t<div class=\"elementor-element elementor-element-6dbcf11 elementor-widget elementor-widget-text-editor\" data-id=\"6dbcf11\" data-element_type=\"widget\" data-e-type=\"widget\" data-widget_type=\"text-editor.default\">\n\t\t\t\t<div class=\"elementor-widget-container\">\n\t\t\t\t\t\t\t\t\t<p class=\"\" data-start=\"315\" data-end=\"667\">25 urte baino gehiagoko esperientziarekin, gure negozioak teknika eta estiloa uztartzen ditu kontzeptu paregabe batean. Espezialistak gara <strong data-start=\"442\" data-end=\"497\">instalazio elektrikoak eta argiztapen-proiektuak<\/strong>, etxe eta espazio profesionalak argiztatu eta eraldatzen dituzten irtenbideak eskaintzeko sinadura ezagunekin lankidetzan arituz.<\/p><p class=\"\" data-start=\"669\" data-end=\"932\">Pero no solo nos mueve la luz. En nuestra tienda tambi\u00e9n encontrar\u00e1s una cuidada selecci\u00f3n de <strong data-start=\"763\" data-end=\"795\">poltsak, zapiak eta imitaziozko bitxiak<\/strong>diseinuagatik, kalitateagatik eta nortasunagatik mimoz aukeratuak.<br data-start=\"854\" data-end=\"857\" \/>Hemen, moda eta dekorazioa bisita bakoitzean inspiratzeko daude.<\/p>\t\t\t\t\t\t\t\t<\/div>\n\t\t\t\t<\/div>\n\t\t\t\t<\/div>\n\t\t\t\t\t<\/div>\n\t\t\t\t<\/div>\n\t\t<div class=\"elementor-element elementor-element-dd9dd76 e-flex e-con-boxed e-con e-parent\" data-id=\"dd9dd76\" data-element_type=\"container\" data-e-type=\"container\">\n\t\t\t\t\t<div class=\"e-con-inner\">\n\t\t<div class=\"elementor-element elementor-element-666823b e-con-full e-flex elementor-invisible e-con e-child\" data-id=\"666823b\" data-element_type=\"container\" data-e-type=\"container\" data-settings=\"{&quot;animation&quot;:&quot;fadeInUp&quot;}\">\n\t\t\t\t<div class=\"elementor-element elementor-element-d259022 elementor-view-stacked e-transform elementor-shape-circle elementor-widget elementor-widget-icon\" data-id=\"d259022\" data-element_type=\"widget\" data-e-type=\"widget\" data-settings=\"{&quot;_transform_scale_effect_hover&quot;:{&quot;unit&quot;:&quot;px&quot;,&quot;size&quot;:1.08,&quot;sizes&quot;:[]},&quot;_transform_scale_effect_hover_tablet&quot;:{&quot;unit&quot;:&quot;px&quot;,&quot;size&quot;:&quot;&quot;,&quot;sizes&quot;:[]},&quot;_transform_scale_effect_hover_mobile&quot;:{&quot;unit&quot;:&quot;px&quot;,&quot;size&quot;:&quot;&quot;,&quot;sizes&quot;:[]}}\" data-widget_type=\"icon.default\">\n\t\t\t\t<div class=\"elementor-widget-container\">\n\t\t\t\t\t\t\t<div class=\"elementor-icon-wrapper\">\n\t\t\t<div class=\"elementor-icon\">\n\t\t\t<svg aria-hidden=\"true\" class=\"e-font-icon-svg e-far-check-circle\" viewbox=\"0 0 512 512\" xmlns=\"http:\/\/www.w3.org\/2000\/svg\"><path d=\"M256 8C119.033 8 8 119.033 8 256s111.033 248 248 248 248-111.033 248-248S392.967 8 256 8zm0 48c110.532 0 200 89.451 200 200 0 110.532-89.451 200-200 200-110.532 0-200-89.451-200-200 0-110.532 89.451-200 200-200m140.204 130.267l-22.536-22.718c-4.667-4.705-12.265-4.736-16.97-.068L215.346 303.697l-59.792-60.277c-4.667-4.705-12.265-4.736-16.97-.069l-22.719 22.536c-4.705 4.667-4.736 12.265-.068 16.971l90.781 91.516c4.667 4.705 12.265 4.736 16.97.068l172.589-171.204c4.704-4.668 4.734-12.266.067-16.971z\"><\/path><\/svg>\t\t\t<\/div>\n\t\t<\/div>\n\t\t\t\t\t\t<\/div>\n\t\t\t\t<\/div>\n\t\t\t\t<div class=\"elementor-element elementor-element-0918620 elementor-widget elementor-widget-heading\" data-id=\"0918620\" data-element_type=\"widget\" data-e-type=\"widget\" data-widget_type=\"heading.default\">\n\t\t\t\t<div class=\"elementor-widget-container\">\n\t\t\t\t\t<h2 class=\"elementor-heading-title elementor-size-default\">Kalitate bikaina<\/h2>\t\t\t\t<\/div>\n\t\t\t\t<\/div>\n\t\t\t\t<\/div>\n\t\t<div class=\"elementor-element elementor-element-7b6f150 e-con-full e-flex elementor-invisible e-con e-child\" data-id=\"7b6f150\" data-element_type=\"container\" data-e-type=\"container\" data-settings=\"{&quot;animation&quot;:&quot;fadeInUp&quot;}\">\n\t\t\t\t<div class=\"elementor-element elementor-element-f7223c0 elementor-view-stacked e-transform elementor-shape-circle elementor-widget elementor-widget-icon\" data-id=\"f7223c0\" data-element_type=\"widget\" data-e-type=\"widget\" data-settings=\"{&quot;_transform_scale_effect_hover&quot;:{&quot;unit&quot;:&quot;px&quot;,&quot;size&quot;:1.08,&quot;sizes&quot;:[]},&quot;_transform_scale_effect_hover_tablet&quot;:{&quot;unit&quot;:&quot;px&quot;,&quot;size&quot;:&quot;&quot;,&quot;sizes&quot;:[]},&quot;_transform_scale_effect_hover_mobile&quot;:{&quot;unit&quot;:&quot;px&quot;,&quot;size&quot;:&quot;&quot;,&quot;sizes&quot;:[]}}\" data-widget_type=\"icon.default\">\n\t\t\t\t<div class=\"elementor-widget-container\">\n\t\t\t\t\t\t\t<div class=\"elementor-icon-wrapper\">\n\t\t\t<div class=\"elementor-icon\">\n\t\t\t<svg aria-hidden=\"true\" class=\"e-font-icon-svg e-fas-euro-sign\" viewbox=\"0 0 320 512\" xmlns=\"http:\/\/www.w3.org\/2000\/svg\"><path d=\"M310.706 413.765c-1.314-6.63-7.835-10.872-14.424-9.369-10.692 2.439-27.422 5.413-45.426 5.413-56.763 0-101.929-34.79-121.461-85.449h113.689a12 12 0 0 0 11.708-9.369l6.373-28.36c1.686-7.502-4.019-14.631-11.708-14.631H115.22c-1.21-14.328-1.414-28.287.137-42.245H261.95a12 12 0 0 0 11.723-9.434l6.512-29.755c1.638-7.484-4.061-14.566-11.723-14.566H130.184c20.633-44.991 62.69-75.03 117.619-75.03 14.486 0 28.564 2.25 37.851 4.145 6.216 1.268 12.347-2.498 14.002-8.623l11.991-44.368c1.822-6.741-2.465-13.616-9.326-14.917C290.217 34.912 270.71 32 249.635 32 152.451 32 74.03 92.252 45.075 176H12c-6.627 0-12 5.373-12 12v29.755c0 6.627 5.373 12 12 12h21.569c-1.009 13.607-1.181 29.287-.181 42.245H12c-6.627 0-12 5.373-12 12v28.36c0 6.627 5.373 12 12 12h30.114C67.139 414.692 145.264 480 249.635 480c26.301 0 48.562-4.544 61.101-7.788 6.167-1.595 10.027-7.708 8.788-13.957l-8.818-44.49z\"><\/path><\/svg>\t\t\t<\/div>\n\t\t<\/div>\n\t\t\t\t\t\t<\/div>\n\t\t\t\t<\/div>\n\t\t\t\t<div class=\"elementor-element elementor-element-43326f9 elementor-widget elementor-widget-heading\" data-id=\"43326f9\" data-element_type=\"widget\" data-e-type=\"widget\" data-widget_type=\"heading.default\">\n\t\t\t\t<div class=\"elementor-widget-container\">\n\t\t\t\t\t<h2 class=\"elementor-heading-title elementor-size-default\">Prezio beheratuak<\/h2>\t\t\t\t<\/div>\n\t\t\t\t<\/div>\n\t\t\t\t<\/div>\n\t\t<div class=\"elementor-element elementor-element-90ce373 e-con-full e-flex elementor-invisible e-con e-child\" data-id=\"90ce373\" data-element_type=\"container\" data-e-type=\"container\" data-settings=\"{&quot;animation&quot;:&quot;fadeInUp&quot;}\">\n\t\t\t\t<div class=\"elementor-element elementor-element-67e1eff elementor-view-stacked e-transform elementor-shape-circle elementor-widget elementor-widget-icon\" data-id=\"67e1eff\" data-element_type=\"widget\" data-e-type=\"widget\" data-settings=\"{&quot;_transform_scale_effect_hover&quot;:{&quot;unit&quot;:&quot;px&quot;,&quot;size&quot;:1.08,&quot;sizes&quot;:[]},&quot;_transform_scale_effect_hover_tablet&quot;:{&quot;unit&quot;:&quot;px&quot;,&quot;size&quot;:&quot;&quot;,&quot;sizes&quot;:[]},&quot;_transform_scale_effect_hover_mobile&quot;:{&quot;unit&quot;:&quot;px&quot;,&quot;size&quot;:&quot;&quot;,&quot;sizes&quot;:[]}}\" data-widget_type=\"icon.default\">\n\t\t\t\t<div class=\"elementor-widget-container\">\n\t\t\t\t\t\t\t<div class=\"elementor-icon-wrapper\">\n\t\t\t<div class=\"elementor-icon\">\n\t\t\t<svg aria-hidden=\"true\" class=\"e-font-icon-svg e-far-lightbulb\" viewbox=\"0 0 352 512\" xmlns=\"http:\/\/www.w3.org\/2000\/svg\"><path d=\"M176 80c-52.94 0-96 43.06-96 96 0 8.84 7.16 16 16 16s16-7.16 16-16c0-35.3 28.72-64 64-64 8.84 0 16-7.16 16-16s-7.16-16-16-16zM96.06 459.17c0 3.15.93 6.22 2.68 8.84l24.51 36.84c2.97 4.46 7.97 7.14 13.32 7.14h78.85c5.36 0 10.36-2.68 13.32-7.14l24.51-36.84c1.74-2.62 2.67-5.7 2.68-8.84l.05-43.18H96.02l.04 43.18zM176 0C73.72 0 0 82.97 0 176c0 44.37 16.45 84.85 43.56 115.78 16.64 18.99 42.74 58.8 52.42 92.16v.06h48v-.12c-.01-4.77-.72-9.51-2.15-14.07-5.59-17.81-22.82-64.77-62.17-109.67-20.54-23.43-31.52-53.15-31.61-84.14-.2-73.64 59.67-128 127.95-128 70.58 0 128 57.42 128 128 0 30.97-11.24 60.85-31.65 84.14-39.11 44.61-56.42 91.47-62.1 109.46a47.507 47.507 0 0 0-2.22 14.3v.1h48v-.05c9.68-33.37 35.78-73.18 52.42-92.16C335.55 260.85 352 220.37 352 176 352 78.8 273.2 0 176 0z\"><\/path><\/svg>\t\t\t<\/div>\n\t\t<\/div>\n\t\t\t\t\t\t<\/div>\n\t\t\t\t<\/div>\n\t\t\t\t<div class=\"elementor-element elementor-element-0af65df elementor-widget elementor-widget-heading\" data-id=\"0af65df\" data-element_type=\"widget\" data-e-type=\"widget\" data-widget_type=\"heading.default\">\n\t\t\t\t<div class=\"elementor-widget-container\">\n\t\t\t\t\t<h2 class=\"elementor-heading-title elementor-size-default\">Instalazio elektrikoak eta argiztapen-proiektuak<\/h2>\t\t\t\t<\/div>\n\t\t\t\t<\/div>\n\t\t\t\t<\/div>\n\t\t\t\t\t<\/div>\n\t\t\t\t<\/div>\n\t\t<div class=\"elementor-element elementor-element-8e332bc e-flex e-con-boxed e-con e-parent\" data-id=\"8e332bc\" data-element_type=\"container\" data-e-type=\"container\" data-settings=\"{&quot;background_background&quot;:&quot;classic&quot;}\">\n\t\t\t\t\t<div class=\"e-con-inner\">\n\t\t\t\t<div class=\"elementor-element elementor-element-a07dd4d elementor-invisible elementor-widget elementor-widget-heading\" data-id=\"a07dd4d\" data-element_type=\"widget\" data-e-type=\"widget\" data-settings=\"{&quot;_animation&quot;:&quot;fadeInLeft&quot;}\" data-widget_type=\"heading.default\">\n\t\t\t\t<div class=\"elementor-widget-container\">\n\t\t\t\t\t<h2 class=\"elementor-heading-title elementor-size-default\">Osagarriak, estiloa eta argiztapena.<\/h2>\t\t\t\t<\/div>\n\t\t\t\t<\/div>\n\t\t\t\t<div class=\"elementor-element elementor-element-dbbaa41 elementor-invisible elementor-widget elementor-widget-heading\" data-id=\"dbbaa41\" data-element_type=\"widget\" data-e-type=\"widget\" data-settings=\"{&quot;_animation&quot;:&quot;fadeInLeft&quot;}\" data-widget_type=\"heading.default\">\n\t\t\t\t<div class=\"elementor-widget-container\">\n\t\t\t\t\t<h2 class=\"elementor-heading-title elementor-size-default\">Ezagutu zer dugun zuretzat.<\/h2>\t\t\t\t<\/div>\n\t\t\t\t<\/div>\n\t\t\t\t<div class=\"elementor-element elementor-element-076044e elementor-align-center animated-slow elementor-invisible elementor-widget elementor-widget-button\" data-id=\"076044e\" data-element_type=\"widget\" data-e-type=\"widget\" data-settings=\"{&quot;_animation&quot;:&quot;fadeInRight&quot;}\" data-widget_type=\"button.default\">\n\t\t\t\t<div class=\"elementor-widget-container\">\n\t\t\t\t\t\t\t\t\t<div class=\"elementor-button-wrapper\">\n\t\t\t\t\t<a class=\"elementor-button elementor-button-link elementor-size-sm\" href=\"https:\/\/isanturtzi.es\/eu\/servicio\/\">\n\t\t\t\t\t\t<span class=\"elementor-button-content-wrapper\">\n\t\t\t\t\t\t\t\t\t<span class=\"elementor-button-text\">Ikusi zerbitzuak<\/span>\n\t\t\t\t\t<\/span>\n\t\t\t\t\t<\/a>\n\t\t\t\t<\/div>\n\t\t\t\t\t\t\t\t<\/div>\n\t\t\t\t<\/div>\n\t\t\t\t\t<\/div>\n\t\t\t\t<\/div>\n\t\t\t\t<\/div>","protected":false},"excerpt":{"rendered":"<p>Iluminaci\u00f3n Santurtzi Instalaciones el\u00e9ctricas y proyectos de iluminaci\u00f3n En el coraz\u00f3n de Santurtzi nace un espacio pensado para quienes aman los detalles Con m\u00e1s de 25 a\u00f1os de experiencia, nuestro negocio combina la t\u00e9cnica y el estilo en un concepto \u00fanico. Somos especialistas en instalaciones el\u00e9ctricas y proyectos de iluminaci\u00f3n, colaborando con reconocidas firmas para [&hellip;]<\/p>\n","protected":false},"author":1,"featured_media":0,"parent":0,"menu_order":0,"comment_status":"closed","ping_status":"closed","template":"elementor_canvas","meta":{"footnotes":""},"class_list":["post-2","page","type-page","status-publish","hentry"],"yoast_head":"<!-- This site is optimized with the Yoast SEO plugin v27.3 - https:\/\/yoast.com\/product\/yoast-seo-wordpress\/ -->\n<title>Inicio - Iluminaciones Electricidad Santurce<\/title>\n<meta name=\"robots\" content=\"index, follow, max-snippet:-1, max-image-preview:large, max-video-preview:-1\" \/>\n<link rel=\"canonical\" href=\"https:\/\/isanturtzi.es\/eu\/\" \/>\n<meta property=\"og:locale\" content=\"en_US\" \/>\n<meta property=\"og:type\" content=\"article\" \/>\n<meta property=\"og:title\" content=\"Inicio - Iluminaciones Electricidad Santurce\" \/>\n<meta property=\"og:description\" content=\"Iluminaci\u00f3n Santurtzi Instalaciones el\u00e9ctricas y proyectos de iluminaci\u00f3n En el coraz\u00f3n de Santurtzi nace un espacio pensado para quienes aman los detalles Con m\u00e1s de 25 a\u00f1os de experiencia, nuestro negocio combina la t\u00e9cnica y el estilo en un concepto \u00fanico. Somos especialistas en instalaciones el\u00e9ctricas y proyectos de iluminaci\u00f3n, colaborando con reconocidas firmas para [&hellip;]\" \/>\n<meta property=\"og:url\" content=\"https:\/\/isanturtzi.es\/eu\/\" \/>\n<meta property=\"og:site_name\" content=\"Iluminaciones Electricidad Santurce\" \/>\n<meta property=\"article:modified_time\" content=\"2025-05-15T15:52:55+00:00\" \/>\n<meta property=\"og:image\" content=\"https:\/\/isanturtzi.es\/wp-content\/uploads\/2025\/05\/Anadir-un-titulo-2025-05-14T101031.316-1-1.png\" \/>\n\t<meta property=\"og:image:width\" content=\"958\" \/>\n\t<meta property=\"og:image:height\" content=\"1080\" \/>\n\t<meta property=\"og:image:type\" content=\"image\/png\" \/>\n<meta name=\"twitter:card\" content=\"summary_large_image\" \/>\n<meta name=\"twitter:label1\" content=\"Est. reading time\" \/>\n\t<meta name=\"twitter:data1\" content=\"1 minutua\" \/>\n<script type=\"application\/ld+json\" class=\"yoast-schema-graph\">{\"@context\":\"https:\\\/\\\/schema.org\",\"@graph\":[{\"@type\":\"WebPage\",\"@id\":\"https:\\\/\\\/isanturtzi.es\\\/\",\"url\":\"https:\\\/\\\/isanturtzi.es\\\/\",\"name\":\"Inicio - Iluminaciones Electricidad Santurce\",\"isPartOf\":{\"@id\":\"https:\\\/\\\/isanturtzi.es\\\/#website\"},\"primaryImageOfPage\":{\"@id\":\"https:\\\/\\\/isanturtzi.es\\\/#primaryimage\"},\"image\":{\"@id\":\"https:\\\/\\\/isanturtzi.es\\\/#primaryimage\"},\"thumbnailUrl\":\"https:\\\/\\\/isanturtzi.es\\\/wp-content\\\/uploads\\\/2025\\\/05\\\/Anadir-un-titulo-2025-05-14T101031.316-1-1.png\",\"datePublished\":\"2025-05-08T10:14:32+00:00\",\"dateModified\":\"2025-05-15T15:52:55+00:00\",\"breadcrumb\":{\"@id\":\"https:\\\/\\\/isanturtzi.es\\\/#breadcrumb\"},\"inLanguage\":\"eu\",\"potentialAction\":[{\"@type\":\"ReadAction\",\"target\":[\"https:\\\/\\\/isanturtzi.es\\\/\"]}]},{\"@type\":\"ImageObject\",\"inLanguage\":\"eu\",\"@id\":\"https:\\\/\\\/isanturtzi.es\\\/#primaryimage\",\"url\":\"https:\\\/\\\/isanturtzi.es\\\/wp-content\\\/uploads\\\/2025\\\/05\\\/Anadir-un-titulo-2025-05-14T101031.316-1-1.png\",\"contentUrl\":\"https:\\\/\\\/isanturtzi.es\\\/wp-content\\\/uploads\\\/2025\\\/05\\\/Anadir-un-titulo-2025-05-14T101031.316-1-1.png\"},{\"@type\":\"BreadcrumbList\",\"@id\":\"https:\\\/\\\/isanturtzi.es\\\/#breadcrumb\",\"itemListElement\":[{\"@type\":\"ListItem\",\"position\":1,\"name\":\"Portada\",\"item\":\"https:\\\/\\\/isanturtzi.es\\\/\"},{\"@type\":\"ListItem\",\"position\":2,\"name\":\"Inicio\"}]},{\"@type\":\"WebSite\",\"@id\":\"https:\\\/\\\/isanturtzi.es\\\/#website\",\"url\":\"https:\\\/\\\/isanturtzi.es\\\/\",\"name\":\"Iluminaciones Electricidad Santurce\",\"description\":\"Tienda de moda con las \u00faltimas tendencias en ropa y accesorios para todos los estilos. Ofrecemos prendas modernas, c\u00f3modas y de calidad, adem\u00e1s de complementos que realzan tu look diario o para ocasiones especiales.\",\"publisher\":{\"@id\":\"https:\\\/\\\/isanturtzi.es\\\/#organization\"},\"potentialAction\":[{\"@type\":\"SearchAction\",\"target\":{\"@type\":\"EntryPoint\",\"urlTemplate\":\"https:\\\/\\\/isanturtzi.es\\\/?s={search_term_string}\"},\"query-input\":{\"@type\":\"PropertyValueSpecification\",\"valueRequired\":true,\"valueName\":\"search_term_string\"}}],\"inLanguage\":\"eu\"},{\"@type\":\"Organization\",\"@id\":\"https:\\\/\\\/isanturtzi.es\\\/#organization\",\"name\":\"Iluminaciones Electricidad Santurce\",\"url\":\"https:\\\/\\\/isanturtzi.es\\\/\",\"logo\":{\"@type\":\"ImageObject\",\"inLanguage\":\"eu\",\"@id\":\"https:\\\/\\\/isanturtzi.es\\\/#\\\/schema\\\/logo\\\/image\\\/\",\"url\":\"https:\\\/\\\/isanturtzi.es\\\/wp-content\\\/uploads\\\/2025\\\/05\\\/14902296K_logo.jpg\",\"contentUrl\":\"https:\\\/\\\/isanturtzi.es\\\/wp-content\\\/uploads\\\/2025\\\/05\\\/14902296K_logo.jpg\",\"width\":974,\"height\":454,\"caption\":\"Iluminaciones Electricidad Santurce\"},\"image\":{\"@id\":\"https:\\\/\\\/isanturtzi.es\\\/#\\\/schema\\\/logo\\\/image\\\/\"}}]}<\/script>\n<!-- \/ Yoast SEO plugin. -->","yoast_head_json":{"title":"Inicio - Iluminaciones Electricidad Santurce","robots":{"index":"index","follow":"follow","max-snippet":"max-snippet:-1","max-image-preview":"max-image-preview:large","max-video-preview":"max-video-preview:-1"},"canonical":"https:\/\/isanturtzi.es\/eu\/","og_locale":"en_US","og_type":"article","og_title":"Inicio - Iluminaciones Electricidad Santurce","og_description":"Iluminaci\u00f3n Santurtzi Instalaciones el\u00e9ctricas y proyectos de iluminaci\u00f3n En el coraz\u00f3n de Santurtzi nace un espacio pensado para quienes aman los detalles Con m\u00e1s de 25 a\u00f1os de experiencia, nuestro negocio combina la t\u00e9cnica y el estilo en un concepto \u00fanico. Somos especialistas en instalaciones el\u00e9ctricas y proyectos de iluminaci\u00f3n, colaborando con reconocidas firmas para [&hellip;]","og_url":"https:\/\/isanturtzi.es\/eu\/","og_site_name":"Iluminaciones Electricidad Santurce","article_modified_time":"2025-05-15T15:52:55+00:00","og_image":[{"width":958,"height":1080,"url":"https:\/\/isanturtzi.es\/wp-content\/uploads\/2025\/05\/Anadir-un-titulo-2025-05-14T101031.316-1-1.png","type":"image\/png"}],"twitter_card":"summary_large_image","twitter_misc":{"Est. reading time":"1 minutua"},"schema":{"@context":"https:\/\/schema.org","@graph":[{"@type":"WebPage","@id":"https:\/\/isanturtzi.es\/","url":"https:\/\/isanturtzi.es\/","name":"Inicio - Iluminaciones Electricidad Santurce","isPartOf":{"@id":"https:\/\/isanturtzi.es\/#website"},"primaryImageOfPage":{"@id":"https:\/\/isanturtzi.es\/#primaryimage"},"image":{"@id":"https:\/\/isanturtzi.es\/#primaryimage"},"thumbnailUrl":"https:\/\/isanturtzi.es\/wp-content\/uploads\/2025\/05\/Anadir-un-titulo-2025-05-14T101031.316-1-1.png","datePublished":"2025-05-08T10:14:32+00:00","dateModified":"2025-05-15T15:52:55+00:00","breadcrumb":{"@id":"https:\/\/isanturtzi.es\/#breadcrumb"},"inLanguage":"eu","potentialAction":[{"@type":"ReadAction","target":["https:\/\/isanturtzi.es\/"]}]},{"@type":"ImageObject","inLanguage":"eu","@id":"https:\/\/isanturtzi.es\/#primaryimage","url":"https:\/\/isanturtzi.es\/wp-content\/uploads\/2025\/05\/Anadir-un-titulo-2025-05-14T101031.316-1-1.png","contentUrl":"https:\/\/isanturtzi.es\/wp-content\/uploads\/2025\/05\/Anadir-un-titulo-2025-05-14T101031.316-1-1.png"},{"@type":"BreadcrumbList","@id":"https:\/\/isanturtzi.es\/#breadcrumb","itemListElement":[{"@type":"ListItem","position":1,"name":"Portada","item":"https:\/\/isanturtzi.es\/"},{"@type":"ListItem","position":2,"name":"Inicio"}]},{"@type":"WebSite","@id":"https:\/\/isanturtzi.es\/#website","url":"https:\/\/isanturtzi.es\/","name":"Iluminaciones Electricidad Santurce","description":"Tienda de moda con las \u00faltimas tendencias en ropa y accesorios para todos los estilos. Ofrecemos prendas modernas, c\u00f3modas y de calidad, adem\u00e1s de complementos que realzan tu look diario o para ocasiones especiales.","publisher":{"@id":"https:\/\/isanturtzi.es\/#organization"},"potentialAction":[{"@type":"SearchAction","target":{"@type":"EntryPoint","urlTemplate":"https:\/\/isanturtzi.es\/?s={search_term_string}"},"query-input":{"@type":"PropertyValueSpecification","valueRequired":true,"valueName":"search_term_string"}}],"inLanguage":"eu"},{"@type":"Organization","@id":"https:\/\/isanturtzi.es\/#organization","name":"Iluminaciones Electricidad Santurce","url":"https:\/\/isanturtzi.es\/","logo":{"@type":"ImageObject","inLanguage":"eu","@id":"https:\/\/isanturtzi.es\/#\/schema\/logo\/image\/","url":"https:\/\/isanturtzi.es\/wp-content\/uploads\/2025\/05\/14902296K_logo.jpg","contentUrl":"https:\/\/isanturtzi.es\/wp-content\/uploads\/2025\/05\/14902296K_logo.jpg","width":974,"height":454,"caption":"Iluminaciones Electricidad Santurce"},"image":{"@id":"https:\/\/isanturtzi.es\/#\/schema\/logo\/image\/"}}]}},"_links":{"self":[{"href":"https:\/\/isanturtzi.es\/eu\/wp-json\/wp\/v2\/pages\/2","targetHints":{"allow":["GET"]}}],"collection":[{"href":"https:\/\/isanturtzi.es\/eu\/wp-json\/wp\/v2\/pages"}],"about":[{"href":"https:\/\/isanturtzi.es\/eu\/wp-json\/wp\/v2\/types\/page"}],"author":[{"embeddable":true,"href":"https:\/\/isanturtzi.es\/eu\/wp-json\/wp\/v2\/users\/1"}],"replies":[{"embeddable":true,"href":"https:\/\/isanturtzi.es\/eu\/wp-json\/wp\/v2\/comments?post=2"}],"version-history":[{"count":205,"href":"https:\/\/isanturtzi.es\/eu\/wp-json\/wp\/v2\/pages\/2\/revisions"}],"predecessor-version":[{"id":832,"href":"https:\/\/isanturtzi.es\/eu\/wp-json\/wp\/v2\/pages\/2\/revisions\/832"}],"wp:attachment":[{"href":"https:\/\/isanturtzi.es\/eu\/wp-json\/wp\/v2\/media?parent=2"}],"curies":[{"name":"wp","href":"https:\/\/api.w.org\/{rel}","templated":true}]}}